{"id":312,"date":"2022-01-06T13:44:41","date_gmt":"2022-01-06T13:44:41","guid":{"rendered":"https:\/\/sedan.de\/?page_id=312"},"modified":"2022-01-06T13:44:47","modified_gmt":"2022-01-06T13:44:47","slug":"it-backup","status":"publish","type":"page","link":"https:\/\/sedan.de\/?page_id=312","title":{"rendered":"IT Backup"},"content":{"rendered":"\n  \n    <section class=\"u-clearfix u-custom-color-2 u-section-1\" id=\"carousel_5131\">\n      <div class=\"u-expanded-width u-shape u-shape-rectangle u-white u-shape-1\"><\/div>\n      <h2 class=\"u-text u-text-body-color u-text-default u-text-1\">IT BACKUP<\/h2>\n      <p class=\"u-text u-text-grey-40 u-text-2\">Von der kleinen Sicherungskopie bis zum Netzwerkbackup.<br>\n        <span style=\"font-size: 0.875rem; font-weight: 700;\">Egal ob t\u00e4gliches Backup oder gesetzliche Archivierung, wir haben die L\u00f6sung f\u00fcr Sie!<\/span>\n      <\/p>\n      <div class=\"u-list u-list-1\">\n        <div class=\"u-repeater u-repeater-1\">\n          <div class=\"u-container-style u-grey-5 u-list-item u-radius-20 u-repeater-item u-shape-round u-list-item-1\">\n            <div class=\"u-container-layout u-similar-container u-valign-bottom u-container-layout-1\">\n              <h3 class=\"u-text u-text-default u-text-3\">01<\/h3>\n              <p class=\"u-text u-text-4\"> Inhalt folgt bald, kommen sie wieder<br> Inhalt folgt bald, kommen sie wieder<br>I\u200bInhalt folgt bald, kommen sie wieder<br> Inhalt folgt bald, kommen sie wieder<br> Inhalt folgt bald, kommen sie wieder\n              <\/p>\n            <\/div>\n          <\/div>\n          <div class=\"u-container-style u-grey-5 u-list-item u-radius-20 u-repeater-item u-shape-round\">\n            <div class=\"u-container-layout u-similar-container u-valign-bottom u-container-layout-2\">\n              <h3 class=\"u-text u-text-default u-text-5\">02<\/h3>\n              <p class=\"u-text u-text-6\"> Inhalt folgt bald, kommen sie wieder<br> Inhalt folgt bald, kommen sie wieder<br>I\u200bInhalt folgt bald, kommen sie wieder<br> Inhalt folgt bald, kommen sie wieder<br> Inhalt folgt bald, kommen sie wieder<br>\n              <\/p>\n            <\/div>\n          <\/div>\n          <div class=\"u-container-style u-grey-5 u-list-item u-radius-20 u-repeater-item u-shape-round\">\n            <div class=\"u-container-layout u-similar-container u-valign-bottom u-container-layout-3\">\n              <h3 class=\"u-text u-text-default u-text-7\">03<\/h3>\n              <p class=\"u-text u-text-8\"> Inhalt folgt bald, kommen sie wieder<br> Inhalt folgt bald, kommen sie wieder<br>I\u200bInhalt folgt bald, kommen sie wieder<br> Inhalt folgt bald, kommen sie wieder<br> Inhalt folgt bald, kommen sie wieder\n              <\/p>\n            <\/div>\n          <\/div>\n        <\/div>\n      <\/div>\n      <h5 class=\"u-align-center u-text u-text-9\">\n        <a class=\"u-active-none u-border-none u-btn u-button-link u-button-style u-hover-none u-none u-text-palette-1-base u-btn-1\" href=\"https:\/\/sedan.de\/?page_id=314\">Vereinbaren Sie noch heute einen pers\u00f6nlichen Beratungstermin mit uns<\/a>\n      <\/h5>\n    <\/section>\n    \n    \n    \n  \n","protected":false},"excerpt":{"rendered":"<p>IT BACKUP Von der kleinen Sicherungskopie bis zum Netzwerkbackup. Egal ob t\u00e4gliches Backup oder gesetzliche Archivierung, wir haben die L\u00f6sung f\u00fcr Sie! 01 Inhalt folgt bald, kommen sie wieder Inhalt folgt bald, kommen sie wiederI\u200bInhalt folgt bald, kommen sie wieder Inhalt folgt bald, kommen sie wieder Inhalt folgt bald, kommen sie wieder 02 Inhalt folgt &hellip; <a href=\"https:\/\/sedan.de\/?page_id=312\" class=\"more-link\">Continue reading<span class=\"screen-reader-text\"> &#8222;IT Backup&#8220;<\/span><\/a><\/p>\n","protected":false},"author":1,"featured_media":0,"parent":0,"menu_order":11,"comment_status":"closed","ping_status":"closed","template":"","meta":{"footnotes":""},"class_list":["post-312","page","type-page","status-publish","hentry"],"_links":{"self":[{"href":"https:\/\/sedan.de\/index.php?rest_route=\/wp\/v2\/pages\/312","targetHints":{"allow":["GET"]}}],"collection":[{"href":"https:\/\/sedan.de\/index.php?rest_route=\/wp\/v2\/pages"}],"about":[{"href":"https:\/\/sedan.de\/index.php?rest_route=\/wp\/v2\/types\/page"}],"author":[{"embeddable":true,"href":"https:\/\/sedan.de\/index.php?rest_route=\/wp\/v2\/users\/1"}],"replies":[{"embeddable":true,"href":"https:\/\/sedan.de\/index.php?rest_route=%2Fwp%2Fv2%2Fcomments&post=312"}],"version-history":[{"count":1,"href":"https:\/\/sedan.de\/index.php?rest_route=\/wp\/v2\/pages\/312\/revisions"}],"predecessor-version":[{"id":331,"href":"https:\/\/sedan.de\/index.php?rest_route=\/wp\/v2\/pages\/312\/revisions\/331"}],"wp:attachment":[{"href":"https:\/\/sedan.de\/index.php?rest_route=%2Fwp%2Fv2%2Fmedia&parent=312"}],"curies":[{"name":"wp","href":"https:\/\/api.w.org\/{rel}","templated":true}]}}